{"id":6,"date":"2020-08-04T15:00:36","date_gmt":"2020-08-04T13:00:36","guid":{"rendered":"https:\/\/deparisabrest.com\/?page_id=6"},"modified":"2021-06-09T09:21:59","modified_gmt":"2021-06-09T07:21:59","slug":"plan-du-site","status":"publish","type":"page","link":"https:\/\/deparisabrest.com\/fr\/plan-du-site\/","title":{"rendered":"Plan du site"},"content":{"rendered":"<div class=\"wsp-container\"><h2 class=\"wsp-pages-title\">Pages<\/h2>\n<ul class=\"wsp-pages-list\">\n<li class=\"page_item page-item-4\"><a href=\"https:\/\/deparisabrest.com\/fr\/\">Accueil<\/a><\/li>\n<li class=\"page_item page-item-31 current_page_parent\"><a href=\"https:\/\/deparisabrest.com\/fr\/actualites\/\">Actualit\u00e9s<\/a><\/li>\n<li class=\"page_item page-item-2167\"><a href=\"https:\/\/deparisabrest.com\/fr\/concept\/\">Concept<\/a><\/li>\n<li class=\"page_item page-item-40 page_item_has_children\"><a href=\"https:\/\/deparisabrest.com\/fr\/contactez-nous\/\">Contactez-nous<\/a>\n<ul class='children'>\n\t<li class=\"page_item page-item-697\"><a href=\"https:\/\/deparisabrest.com\/fr\/contactez-nous\/confirmation\/\">Votre message nous est parvenu !<\/a><\/li>\n<\/ul>\n<\/li>\n<li class=\"page_item page-item-2014\"><a href=\"https:\/\/deparisabrest.com\/fr\/decouvrez-lidentite-de-de-paris-a-brest\/\">D\u00e9couvrez l&rsquo;identit\u00e9 de De paris \u00e0 Brest<\/a><\/li>\n<li class=\"page_item page-item-535\"><a href=\"https:\/\/deparisabrest.com\/fr\/delicatessen\/\">Delicatessen<\/a><\/li>\n<li class=\"page_item page-item-1669\"><a href=\"https:\/\/deparisabrest.com\/fr\/foodservice\/\">Foodservice<\/a><\/li>\n<li class=\"page_item page-item-28\"><a href=\"https:\/\/deparisabrest.com\/fr\/equipe\/\">La Team<\/a><\/li>\n<li class=\"page_item page-item-57\"><a href=\"https:\/\/deparisabrest.com\/fr\/le-chef\/\">Le chef<\/a><\/li>\n<li class=\"page_item page-item-5\"><a href=\"https:\/\/deparisabrest.com\/fr\/mentions-legales\/\">Mentions l\u00e9gales<\/a><\/li>\n<li class=\"page_item page-item-6\"><a href=\"https:\/\/deparisabrest.com\/fr\/plan-du-site\/\">Plan du site<\/a><\/li>\n<li class=\"page_item page-item-3\"><a href=\"https:\/\/deparisabrest.com\/fr\/politique-de-confidentialite\/\">Politique de confidentialit\u00e9<\/a><\/li>\n<li class=\"page_item page-item-2021\"><a href=\"https:\/\/deparisabrest.com\/fr\/de-paris-a-brest-partenaires\/\">Rencontrez De Paris \u00e0 Brest et ses 50 partenaires !<\/a><\/li>\n<\/ul>\n<h2 class=\"wsp-posts-title\">Articles par cat\u00e9gorie<\/h2>\n<ul class=\"wsp-posts-list\">\n\t<li><strong class=\"wsp-category-title\">Cat\u00e9gorie\u00a0: <a href=\"https:\/\/deparisabrest.com\/fr\/categorie\/calendrier\/\">Calendrier<\/a><\/strong>\n<ul class=\"wsp-posts-list\">\t\t<li class=\"wsp-post\"><a href=\"https:\/\/deparisabrest.com\/fr\/chandeleur-2021\/\">C&rsquo;est bient\u00f4t la chandeleur : Les cr\u00eapes sont en f\u00eate !<\/a><\/li>\n\t\t<li class=\"wsp-post\"><a href=\"https:\/\/deparisabrest.com\/fr\/le-chocolat-star-de-noel-chez-de-paris-a-brest\/\">Le chocolat, star de N\u00f6el chez De Paris \u00e0 Brest !<\/a><\/li>\n<\/ul><\/li>\n\t<li><strong class=\"wsp-category-title\">Cat\u00e9gorie\u00a0: <a href=\"https:\/\/deparisabrest.com\/fr\/categorie\/nouveau\/\">Nouveau<\/a><\/strong>\n<ul class=\"wsp-posts-list\">\t\t<li class=\"wsp-post\"><a href=\"https:\/\/deparisabrest.com\/fr\/cote-barista\/\">Cot\u00e9 Barista<\/a><\/li>\n<\/ul><\/li>\n\t<li><strong class=\"wsp-category-title\">Cat\u00e9gorie\u00a0: <a href=\"https:\/\/deparisabrest.com\/fr\/categorie\/on-parle-de-nous\/\">On parle de nous !<\/a><\/strong>\n<ul class=\"wsp-posts-list\">\t\t<li class=\"wsp-post\"><a href=\"https:\/\/deparisabrest.com\/fr\/en-2021-de-paris-a-brest-en-route-pour-le-monde\/\">En 2021, De Paris \u00e0 Brest en route pour le monde !<\/a><\/li>\n\t\t<li class=\"wsp-post\"><a href=\"https:\/\/deparisabrest.com\/fr\/ria-globes-2020\/\">Notre s\u00e9lection aux RIA Globes<\/a><\/li>\n<\/ul><\/li>\n<\/ul>\n<h2 class=\"wsp-recipes-title\">Recettes<\/h2>\n<ul class=\"wsp-recipes-list\">\n<li><a href=\"https:\/\/deparisabrest.com\/fr\/recettes\/wraps-mirabelle-chocolat-au-lait\/\">Wraps mirabelle chocolat au lait<\/a><\/li>\n<li><a href=\"https:\/\/deparisabrest.com\/fr\/recettes\/breizh-verrine\/\">Breizh Verrine<\/a><\/li>\n<li><a href=\"https:\/\/deparisabrest.com\/fr\/recettes\/pot-de-creme-chocolat-orange\/\">Pot de cr\u00e8me chocolat oranges<\/a><\/li>\n<li><a href=\"https:\/\/deparisabrest.com\/fr\/recettes\/verrine-choco-noisettes\/\">Verrine ultra gourmande choco noisettes<\/a><\/li>\n<li><a href=\"https:\/\/deparisabrest.com\/fr\/recettes\/babas-au-rhum-vanille-abricots\/\">Babas au rhum, cr\u00e8me vanille et abricots poch\u00e9s<\/a><\/li>\n<li><a href=\"https:\/\/deparisabrest.com\/fr\/recettes\/le-gourmand-chocolat\/\">Le gourmand chocolat<\/a><\/li>\n<li><a href=\"https:\/\/deparisabrest.com\/fr\/recettes\/gourmand-caramel\/\">Le gourmand caramel<\/a><\/li>\n<li><a href=\"https:\/\/deparisabrest.com\/fr\/recettes\/gourmand-cappuccino\/\">Le gourmand cappuccino<\/a><\/li>\n<li><a href=\"https:\/\/deparisabrest.com\/fr\/recettes\/florentins-amandes-oranges\/\">Florentins, cr\u00e8me gourmande aux parfums d'amandes et oranges<\/a><\/li>\n<li><a href=\"https:\/\/deparisabrest.com\/fr\/recettes\/far-poele\/\">Far po\u00eal\u00e9, crumble, caramel au beurre sal\u00e9 et glace vanille<\/a><\/li>\n<li><a href=\"https:\/\/deparisabrest.com\/fr\/recettes\/aumoniere-de-crepe\/\">Aum\u00f4ni\u00e8re de cr\u00eape aux fruits aux fruits rouges po\u00eal\u00e9s au vinaigre balsamique<\/a><\/li>\n<li><a href=\"https:\/\/deparisabrest.com\/fr\/recettes\/galette-frangipane-pommes-vanille\/\">La galette sur tranche, pommes po\u00eal\u00e9es au sel et glace vanille<\/a><\/li>\n<li><a href=\"https:\/\/deparisabrest.com\/fr\/recettes\/tarte-folle-aux-fruits-frais\/\">Tarte folle aux fruits frais<\/a><\/li>\n<li><a href=\"https:\/\/deparisabrest.com\/fr\/recettes\/tarte-batzienne-aux-framboises\/\">Tarte batzienne aux framboises rafra\u00eechie aux citrons verts<\/a><\/li>\n<li><a href=\"https:\/\/deparisabrest.com\/fr\/recettes\/kouign-amann-framboise\/\">C\u0153ur de kouign amann croustillant aux framboises, sorbet framboise<\/a><\/li>\n<li><a href=\"https:\/\/deparisabrest.com\/fr\/recettes\/gateau-choco\/\">G\u00e2teau choco, cr\u00e8me a\u00e9rienne au caf\u00e9 et sorbet mango<\/a><\/li>\n<li><a href=\"https:\/\/deparisabrest.com\/fr\/recettes\/tarte-poire-cacao\/\">Tarte craquante poire cacao, caramel noisettes et glace chocolat<\/a><\/li>\n<li><a href=\"https:\/\/deparisabrest.com\/fr\/recettes\/bande-aux-pommes\/\">Bande aux pommes, nuage de framboises, meringuettes et glace pomme tatin<\/a><\/li>\n<li><a href=\"https:\/\/deparisabrest.com\/fr\/recettes\/cookies-abricots-speculoos\/\">Eclats de cookies, abricots r\u00f4tis, graines de courge et glace sp\u00e9culoos<\/a><\/li>\n<li><a href=\"https:\/\/deparisabrest.com\/fr\/recettes\/tarte-batzienne-aux-fraises\/\">Tarte batzienne aux fraises<\/a><\/li>\n<li><a href=\"https:\/\/deparisabrest.com\/fr\/recettes\/crepe-fraises-poivre-vert\/\">Cr\u00eape aux fraises po\u00eal\u00e9es au poivre vert et cr\u00e8me fouett\u00e9e<\/a><\/li>\n<li><a href=\"https:\/\/deparisabrest.com\/fr\/recettes\/pavlova-gateau-breton\/\">Pavlova, sauce et glace citron Yuzu, \u00e9clat de g\u00e2teau breton au pralin\u00e9, framboises et ganache mont\u00e9e lact\u00e9e<\/a><\/li>\n<li><a href=\"https:\/\/deparisabrest.com\/fr\/recettes\/tarte-aux-pommes-roquefort\/\">Tarte fine aux pommes, onglet de roquefort \u00e0 la fa\u00e7on des trieurs, fruits r\u00f4tis et glace au pain d'\u00e9pices<\/a><\/li>\n<\/ul>\n<h2 class=\"wsp-recipe-categorys-title\">Cat\u00e9gories de recette<\/h2>\n<ul class=\"wsp-recipe-categorys-list\">\n<li><a href=\"https:\/\/deparisabrest.com\/fr\/recette-categorie\/cafes-gourmands\/\">Caf\u00e9s gourmands<\/a><\/li>\n<li><a href=\"https:\/\/deparisabrest.com\/fr\/recette-categorie\/desserts-a-emporter\/\">Desserts \u00e0 emporter<\/a><\/li>\n<li><a href=\"https:\/\/deparisabrest.com\/fr\/recette-categorie\/desserts-a-lassiette\/\">Desserts \u00e0 l'assiette<\/a><\/li>\n<\/ul>\n<\/div>\n","protected":false},"excerpt":{"rendered":"","protected":false},"author":1,"featured_media":0,"parent":0,"menu_order":0,"comment_status":"closed","ping_status":"closed","template":"","meta":{"_acf_changed":false,"footnotes":""},"class_list":["post-6","page","type-page","status-publish","hentry"],"acf":[],"yoast_head":"<!-- This site is optimized with the Yoast SEO plugin v27.3 - https:\/\/yoast.com\/product\/yoast-seo-wordpress\/ -->\n<title>Plan du site - De Paris \u00e0 Brest<\/title>\n<meta name=\"robots\" content=\"index, follow, max-snippet:-1, max-image-preview:large, max-video-preview:-1\" \/>\n<link rel=\"canonical\" href=\"https:\/\/deparisabrest.com\/fr\/plan-du-site\/\" \/>\n<meta property=\"og:locale\" content=\"fr_FR\" \/>\n<meta property=\"og:type\" content=\"article\" \/>\n<meta property=\"og:title\" content=\"Plan du site - De Paris \u00e0 Brest\" \/>\n<meta property=\"og:url\" content=\"https:\/\/deparisabrest.com\/fr\/plan-du-site\/\" \/>\n<meta property=\"og:site_name\" content=\"De Paris \u00e0 Brest\" \/>\n<meta property=\"article:modified_time\" content=\"2021-06-09T07:21:59+00:00\" \/>\n<meta name=\"twitter:card\" content=\"summary_large_image\" \/>\n<script type=\"application\/ld+json\" class=\"yoast-schema-graph\">{\"@context\":\"https:\\\/\\\/schema.org\",\"@graph\":[{\"@type\":\"WebPage\",\"@id\":\"https:\\\/\\\/deparisabrest.com\\\/fr\\\/plan-du-site\\\/\",\"url\":\"https:\\\/\\\/deparisabrest.com\\\/fr\\\/plan-du-site\\\/\",\"name\":\"Plan du site - De Paris \u00e0 Brest\",\"isPartOf\":{\"@id\":\"https:\\\/\\\/deparisabrest.com\\\/fr\\\/#website\"},\"datePublished\":\"2020-08-04T13:00:36+00:00\",\"dateModified\":\"2021-06-09T07:21:59+00:00\",\"breadcrumb\":{\"@id\":\"https:\\\/\\\/deparisabrest.com\\\/fr\\\/plan-du-site\\\/#breadcrumb\"},\"inLanguage\":\"fr-FR\",\"potentialAction\":[{\"@type\":\"ReadAction\",\"target\":[\"https:\\\/\\\/deparisabrest.com\\\/fr\\\/plan-du-site\\\/\"]}]},{\"@type\":\"BreadcrumbList\",\"@id\":\"https:\\\/\\\/deparisabrest.com\\\/fr\\\/plan-du-site\\\/#breadcrumb\",\"itemListElement\":[{\"@type\":\"ListItem\",\"position\":1,\"name\":\"Accueil\",\"item\":\"https:\\\/\\\/deparisabrest.com\\\/fr\\\/\"},{\"@type\":\"ListItem\",\"position\":2,\"name\":\"Plan du site\"}]},{\"@type\":\"WebSite\",\"@id\":\"https:\\\/\\\/deparisabrest.com\\\/fr\\\/#website\",\"url\":\"https:\\\/\\\/deparisabrest.com\\\/fr\\\/\",\"name\":\"De Paris \u00e0 Brest\",\"description\":\"Explorez un monde d&#039;opportunit\u00e9s\",\"publisher\":{\"@id\":\"https:\\\/\\\/deparisabrest.com\\\/fr\\\/#organization\"},\"potentialAction\":[{\"@type\":\"SearchAction\",\"target\":{\"@type\":\"EntryPoint\",\"urlTemplate\":\"https:\\\/\\\/deparisabrest.com\\\/fr\\\/?s={search_term_string}\"},\"query-input\":{\"@type\":\"PropertyValueSpecification\",\"valueRequired\":true,\"valueName\":\"search_term_string\"}}],\"inLanguage\":\"fr-FR\"},{\"@type\":\"Organization\",\"@id\":\"https:\\\/\\\/deparisabrest.com\\\/fr\\\/#organization\",\"name\":\"De Paris \u00e0 Brest\",\"url\":\"https:\\\/\\\/deparisabrest.com\\\/fr\\\/\",\"logo\":{\"@type\":\"ImageObject\",\"inLanguage\":\"fr-FR\",\"@id\":\"https:\\\/\\\/deparisabrest.com\\\/fr\\\/#\\\/schema\\\/logo\\\/image\\\/\",\"url\":\"https:\\\/\\\/deparisabrest.com\\\/wp-content\\\/uploads\\\/2020\\\/09\\\/logo.png\",\"contentUrl\":\"https:\\\/\\\/deparisabrest.com\\\/wp-content\\\/uploads\\\/2020\\\/09\\\/logo.png\",\"width\":272,\"height\":70,\"caption\":\"De Paris \u00e0 Brest\"},\"image\":{\"@id\":\"https:\\\/\\\/deparisabrest.com\\\/fr\\\/#\\\/schema\\\/logo\\\/image\\\/\"}}]}<\/script>\n<!-- \/ Yoast SEO plugin. -->","yoast_head_json":{"title":"Plan du site - De Paris \u00e0 Brest","robots":{"index":"index","follow":"follow","max-snippet":"max-snippet:-1","max-image-preview":"max-image-preview:large","max-video-preview":"max-video-preview:-1"},"canonical":"https:\/\/deparisabrest.com\/fr\/plan-du-site\/","og_locale":"fr_FR","og_type":"article","og_title":"Plan du site - De Paris \u00e0 Brest","og_url":"https:\/\/deparisabrest.com\/fr\/plan-du-site\/","og_site_name":"De Paris \u00e0 Brest","article_modified_time":"2021-06-09T07:21:59+00:00","twitter_card":"summary_large_image","schema":{"@context":"https:\/\/schema.org","@graph":[{"@type":"WebPage","@id":"https:\/\/deparisabrest.com\/fr\/plan-du-site\/","url":"https:\/\/deparisabrest.com\/fr\/plan-du-site\/","name":"Plan du site - De Paris \u00e0 Brest","isPartOf":{"@id":"https:\/\/deparisabrest.com\/fr\/#website"},"datePublished":"2020-08-04T13:00:36+00:00","dateModified":"2021-06-09T07:21:59+00:00","breadcrumb":{"@id":"https:\/\/deparisabrest.com\/fr\/plan-du-site\/#breadcrumb"},"inLanguage":"fr-FR","potentialAction":[{"@type":"ReadAction","target":["https:\/\/deparisabrest.com\/fr\/plan-du-site\/"]}]},{"@type":"BreadcrumbList","@id":"https:\/\/deparisabrest.com\/fr\/plan-du-site\/#breadcrumb","itemListElement":[{"@type":"ListItem","position":1,"name":"Accueil","item":"https:\/\/deparisabrest.com\/fr\/"},{"@type":"ListItem","position":2,"name":"Plan du site"}]},{"@type":"WebSite","@id":"https:\/\/deparisabrest.com\/fr\/#website","url":"https:\/\/deparisabrest.com\/fr\/","name":"De Paris \u00e0 Brest","description":"Explorez un monde d&#039;opportunit\u00e9s","publisher":{"@id":"https:\/\/deparisabrest.com\/fr\/#organization"},"potentialAction":[{"@type":"SearchAction","target":{"@type":"EntryPoint","urlTemplate":"https:\/\/deparisabrest.com\/fr\/?s={search_term_string}"},"query-input":{"@type":"PropertyValueSpecification","valueRequired":true,"valueName":"search_term_string"}}],"inLanguage":"fr-FR"},{"@type":"Organization","@id":"https:\/\/deparisabrest.com\/fr\/#organization","name":"De Paris \u00e0 Brest","url":"https:\/\/deparisabrest.com\/fr\/","logo":{"@type":"ImageObject","inLanguage":"fr-FR","@id":"https:\/\/deparisabrest.com\/fr\/#\/schema\/logo\/image\/","url":"https:\/\/deparisabrest.com\/wp-content\/uploads\/2020\/09\/logo.png","contentUrl":"https:\/\/deparisabrest.com\/wp-content\/uploads\/2020\/09\/logo.png","width":272,"height":70,"caption":"De Paris \u00e0 Brest"},"image":{"@id":"https:\/\/deparisabrest.com\/fr\/#\/schema\/logo\/image\/"}}]}},"_links":{"self":[{"href":"https:\/\/deparisabrest.com\/fr\/wp-json\/wp\/v2\/pages\/6","targetHints":{"allow":["GET"]}}],"collection":[{"href":"https:\/\/deparisabrest.com\/fr\/wp-json\/wp\/v2\/pages"}],"about":[{"href":"https:\/\/deparisabrest.com\/fr\/wp-json\/wp\/v2\/types\/page"}],"author":[{"embeddable":true,"href":"https:\/\/deparisabrest.com\/fr\/wp-json\/wp\/v2\/users\/1"}],"replies":[{"embeddable":true,"href":"https:\/\/deparisabrest.com\/fr\/wp-json\/wp\/v2\/comments?post=6"}],"version-history":[{"count":1,"href":"https:\/\/deparisabrest.com\/fr\/wp-json\/wp\/v2\/pages\/6\/revisions"}],"predecessor-version":[{"id":43,"href":"https:\/\/deparisabrest.com\/fr\/wp-json\/wp\/v2\/pages\/6\/revisions\/43"}],"wp:attachment":[{"href":"https:\/\/deparisabrest.com\/fr\/wp-json\/wp\/v2\/media?parent=6"}],"curies":[{"name":"wp","href":"https:\/\/api.w.org\/{rel}","templated":true}]}}