{"id":535,"date":"2020-11-10T09:59:15","date_gmt":"2020-11-10T08:59:15","guid":{"rendered":"https:\/\/deparisabrest.com\/?page_id=535"},"modified":"2021-06-01T11:39:16","modified_gmt":"2021-06-01T09:39:16","slug":"delicatessen","status":"publish","type":"page","link":"https:\/\/deparisabrest.com\/fr\/delicatessen\/","title":{"rendered":"Delicatessen"},"content":{"rendered":"\n<h2 class=\"has-text-align-center wp-block-heading\">D\u00e9couvrez notre offre Delicatessen<\/h2>\n\n\n\n<div style=\"height:40px\" aria-hidden=\"true\" class=\"wp-block-spacer\"><\/div>\n\n\n\n<div class=\"wp-block-media-text alignwide is-stacked-on-mobile\" style=\"grid-template-columns:38% auto\"><figure class=\"wp-block-media-text__media\"><img decoding=\"async\" width=\"722\" height=\"1024\" src=\"https:\/\/deparisabrest.com\/wp-content\/uploads\/2021\/05\/Capture-de\u0301cran-2021-05-28-a\u0300-17.49.43-722x1024.png\" alt=\"\" class=\"wp-image-2057 size-full\"\/><\/figure><div class=\"wp-block-media-text__content\">\n<p class=\"has-medium-font-size\">Les produits \u00e9labor\u00e9s par nos <a href=\"https:\/\/deparisabrest.com\/fr\/partenaires\/\">partenaires<\/a> avec passion sont le reflet d\u2019un <strong>savoir-faire fran\u00e7ais unique<\/strong>.<\/p>\n\n\n\n<p class=\"has-medium-font-size\">Ces produits, habituellement disponibles <strong>uniquement sur des canaux fran\u00e7ais<\/strong> vous sont <strong>accessibles<\/strong> gr\u00e2ce \u00e0 De Paris \u00e0 Brest.&nbsp;<\/p>\n\n\n\n<p class=\"has-medium-font-size\">Recherch\u00e9s par les <strong>amateurs de produits fins,<\/strong> la gamme \u00e9picerie de De Paris \u00e0 Brest vous permet d\u2019avoir un <strong>petit bout de France en boutique<\/strong>.&nbsp;<\/p>\n\n\n\n<p class=\"has-medium-font-size\">Disponibles dans <strong>diff\u00e9rents formats<\/strong>, ces produits s\u2019adaptent parfaitement pour composer un <strong>panier gourmand fran\u00e7ais<\/strong> ou pour remercier <strong>vos h\u00f4tes ou clients<\/strong>.<\/p>\n<\/div><\/div>\n\n\n\n<p>             <\/p>\n\n\n\n<div class=\"wp-block-media-text alignwide has-media-on-the-right is-stacked-on-mobile\" style=\"grid-template-columns:auto 39%\"><figure class=\"wp-block-media-text__media\"><img decoding=\"async\" width=\"723\" height=\"1024\" src=\"https:\/\/deparisabrest.com\/wp-content\/uploads\/2021\/05\/Capture-de\u0301cran-2021-05-28-a\u0300-17.56.03-723x1024.png\" alt=\"\" class=\"wp-image-2059 size-full\" srcset=\"https:\/\/deparisabrest.com\/wp-content\/uploads\/2021\/05\/Capture-de\u0301cran-2021-05-28-a\u0300-17.56.03-723x1024.png 723w, https:\/\/deparisabrest.com\/wp-content\/uploads\/2021\/05\/Capture-de\u0301cran-2021-05-28-a\u0300-17.56.03-212x300.png 212w, https:\/\/deparisabrest.com\/wp-content\/uploads\/2021\/05\/Capture-de\u0301cran-2021-05-28-a\u0300-17.56.03-768x1088.png 768w, https:\/\/deparisabrest.com\/wp-content\/uploads\/2021\/05\/Capture-de\u0301cran-2021-05-28-a\u0300-17.56.03-1084x1536.png 1084w, https:\/\/deparisabrest.com\/wp-content\/uploads\/2021\/05\/Capture-de\u0301cran-2021-05-28-a\u0300-17.56.03.png 1220w\" sizes=\"(max-width: 723px) 100vw, 723px\" \/><\/figure><div class=\"wp-block-media-text__content\">\n<h3 class=\"wp-block-heading\">A la rencontre des p\u00e9pites locales<\/h3>\n\n\n\n<div style=\"height:20px\" aria-hidden=\"true\" class=\"wp-block-spacer\"><\/div>\n\n\n\n<p class=\"has-medium-font-size\">De Paris \u00e0 Brest parcourt la France toute l\u2019ann\u00e9e, d\u2019Ouest en Est, du Nord au Sud, avec une seule obsession en t\u00eate : d\u00e9couvrir, d\u00e9guster et ramener dans ses bagages les meilleures sp\u00e9cialit\u00e9s locales.<\/p>\n\n\n\n<p class=\"has-medium-font-size\">Certaines sont bien cach\u00e9es, mais faites confiance \u00e0 notre \u00e9quipe de chercheurs d\u2019or sucr\u00e9 pour les d\u00e9busquer.<\/p>\n\n\n\n<p class=\"has-medium-font-size\">\u00c0 d\u00e9couvrir tout au long de l\u2019ann\u00e9e, gr\u00e2ce \u00e0 nos carnets de voyage bimestriels !<\/p>\n\n\n\n<div style=\"height:20px\" aria-hidden=\"true\" class=\"wp-block-spacer\"><\/div>\n\n\n\n<div class=\"wp-block-buttons is-content-justification-center is-layout-flex wp-block-buttons-is-layout-flex\">\n<div class=\"wp-block-button\"><a class=\"wp-block-button__link has-salmon-background-color has-background\" href=\"https:\/\/deparisabrest.com\/fr\/contactez-nous\/\"><strong>T\u00e9l\u00e9charger le catalogue<\/strong><\/a><\/div>\n<\/div>\n<\/div><\/div>\n","protected":false},"excerpt":{"rendered":"<p>D\u00e9couvrez notre offre Delicatessen Les produits \u00e9labor\u00e9s par nos partenaires avec passion sont le reflet d\u2019un savoir-faire fran\u00e7ais unique. Ces produits, habituellement disponibles uniquement sur des canaux fran\u00e7ais vous sont accessibles gr\u00e2ce \u00e0 De Paris \u00e0 Brest.&nbsp; Recherch\u00e9s par les amateurs de produits fins, la gamme \u00e9picerie de De Paris \u00e0 Brest vous permet d\u2019avoir [&hellip;]<\/p>\n","protected":false},"author":3,"featured_media":1232,"parent":0,"menu_order":0,"comment_status":"closed","ping_status":"closed","template":"template-offer.php","meta":{"_acf_changed":false,"footnotes":""},"class_list":["post-535","page","type-page","status-publish","has-post-thumbnail","hentry"],"acf":[],"yoast_head":"<!-- This site is optimized with the Yoast SEO plugin v27.3 - https:\/\/yoast.com\/product\/yoast-seo-wordpress\/ -->\n<title>Notre gamme Delicatessen Fran\u00e7aise - De Paris \u00e0 Brest<\/title>\n<meta name=\"description\" content=\"Pour attirer les gourmands dans votre boutique, optez pour la gamme \u00c9picerie De Paris \u00e0 Brest. Gamme exclusive, nouveaux produits, bio\" \/>\n<meta name=\"robots\" content=\"index, follow, max-snippet:-1, max-image-preview:large, max-video-preview:-1\" \/>\n<link rel=\"canonical\" href=\"https:\/\/deparisabrest.com\/fr\/delicatessen\/\" \/>\n<meta property=\"og:locale\" content=\"fr_FR\" \/>\n<meta property=\"og:type\" content=\"article\" \/>\n<meta property=\"og:title\" content=\"Notre gamme Delicatessen Fran\u00e7aise - De Paris \u00e0 Brest\" \/>\n<meta property=\"og:description\" content=\"Pour attirer les gourmands dans votre boutique, optez pour la gamme \u00c9picerie De Paris \u00e0 Brest. Gamme exclusive, nouveaux produits, bio\" \/>\n<meta property=\"og:url\" content=\"https:\/\/deparisabrest.com\/fr\/delicatessen\/\" \/>\n<meta property=\"og:site_name\" content=\"De Paris \u00e0 Brest\" \/>\n<meta property=\"article:modified_time\" content=\"2021-06-01T09:39:16+00:00\" \/>\n<meta property=\"og:image\" content=\"https:\/\/deparisabrest.com\/wp-content\/uploads\/2020\/11\/epicerie.jpg\" \/>\n\t<meta property=\"og:image:width\" content=\"800\" \/>\n\t<meta property=\"og:image:height\" content=\"800\" \/>\n\t<meta property=\"og:image:type\" content=\"image\/jpeg\" \/>\n<meta name=\"twitter:card\" content=\"summary_large_image\" \/>\n<meta name=\"twitter:label1\" content=\"Dur\u00e9e de lecture estim\u00e9e\" \/>\n\t<meta name=\"twitter:data1\" content=\"2 minutes\" \/>\n<script type=\"application\/ld+json\" class=\"yoast-schema-graph\">{\"@context\":\"https:\\\/\\\/schema.org\",\"@graph\":[{\"@type\":\"WebPage\",\"@id\":\"https:\\\/\\\/deparisabrest.com\\\/fr\\\/delicatessen\\\/\",\"url\":\"https:\\\/\\\/deparisabrest.com\\\/fr\\\/delicatessen\\\/\",\"name\":\"Notre gamme Delicatessen Fran\u00e7aise - De Paris \u00e0 Brest\",\"isPartOf\":{\"@id\":\"https:\\\/\\\/deparisabrest.com\\\/fr\\\/#website\"},\"primaryImageOfPage\":{\"@id\":\"https:\\\/\\\/deparisabrest.com\\\/fr\\\/delicatessen\\\/#primaryimage\"},\"image\":{\"@id\":\"https:\\\/\\\/deparisabrest.com\\\/fr\\\/delicatessen\\\/#primaryimage\"},\"thumbnailUrl\":\"https:\\\/\\\/deparisabrest.com\\\/wp-content\\\/uploads\\\/2020\\\/11\\\/epicerie.jpg\",\"datePublished\":\"2020-11-10T08:59:15+00:00\",\"dateModified\":\"2021-06-01T09:39:16+00:00\",\"description\":\"Pour attirer les gourmands dans votre boutique, optez pour la gamme \u00c9picerie De Paris \u00e0 Brest. Gamme exclusive, nouveaux produits, bio\",\"breadcrumb\":{\"@id\":\"https:\\\/\\\/deparisabrest.com\\\/fr\\\/delicatessen\\\/#breadcrumb\"},\"inLanguage\":\"fr-FR\",\"potentialAction\":[{\"@type\":\"ReadAction\",\"target\":[\"https:\\\/\\\/deparisabrest.com\\\/fr\\\/delicatessen\\\/\"]}]},{\"@type\":\"ImageObject\",\"inLanguage\":\"fr-FR\",\"@id\":\"https:\\\/\\\/deparisabrest.com\\\/fr\\\/delicatessen\\\/#primaryimage\",\"url\":\"https:\\\/\\\/deparisabrest.com\\\/wp-content\\\/uploads\\\/2020\\\/11\\\/epicerie.jpg\",\"contentUrl\":\"https:\\\/\\\/deparisabrest.com\\\/wp-content\\\/uploads\\\/2020\\\/11\\\/epicerie.jpg\",\"width\":800,\"height\":800},{\"@type\":\"BreadcrumbList\",\"@id\":\"https:\\\/\\\/deparisabrest.com\\\/fr\\\/delicatessen\\\/#breadcrumb\",\"itemListElement\":[{\"@type\":\"ListItem\",\"position\":1,\"name\":\"Accueil\",\"item\":\"https:\\\/\\\/deparisabrest.com\\\/fr\\\/\"},{\"@type\":\"ListItem\",\"position\":2,\"name\":\"Delicatessen\"}]},{\"@type\":\"WebSite\",\"@id\":\"https:\\\/\\\/deparisabrest.com\\\/fr\\\/#website\",\"url\":\"https:\\\/\\\/deparisabrest.com\\\/fr\\\/\",\"name\":\"De Paris \u00e0 Brest\",\"description\":\"Explorez un monde d&#039;opportunit\u00e9s\",\"publisher\":{\"@id\":\"https:\\\/\\\/deparisabrest.com\\\/fr\\\/#organization\"},\"potentialAction\":[{\"@type\":\"SearchAction\",\"target\":{\"@type\":\"EntryPoint\",\"urlTemplate\":\"https:\\\/\\\/deparisabrest.com\\\/fr\\\/?s={search_term_string}\"},\"query-input\":{\"@type\":\"PropertyValueSpecification\",\"valueRequired\":true,\"valueName\":\"search_term_string\"}}],\"inLanguage\":\"fr-FR\"},{\"@type\":\"Organization\",\"@id\":\"https:\\\/\\\/deparisabrest.com\\\/fr\\\/#organization\",\"name\":\"De Paris \u00e0 Brest\",\"url\":\"https:\\\/\\\/deparisabrest.com\\\/fr\\\/\",\"logo\":{\"@type\":\"ImageObject\",\"inLanguage\":\"fr-FR\",\"@id\":\"https:\\\/\\\/deparisabrest.com\\\/fr\\\/#\\\/schema\\\/logo\\\/image\\\/\",\"url\":\"https:\\\/\\\/deparisabrest.com\\\/wp-content\\\/uploads\\\/2020\\\/09\\\/logo.png\",\"contentUrl\":\"https:\\\/\\\/deparisabrest.com\\\/wp-content\\\/uploads\\\/2020\\\/09\\\/logo.png\",\"width\":272,\"height\":70,\"caption\":\"De Paris \u00e0 Brest\"},\"image\":{\"@id\":\"https:\\\/\\\/deparisabrest.com\\\/fr\\\/#\\\/schema\\\/logo\\\/image\\\/\"}}]}<\/script>\n<!-- \/ Yoast SEO plugin. -->","yoast_head_json":{"title":"Notre gamme Delicatessen Fran\u00e7aise - De Paris \u00e0 Brest","description":"Pour attirer les gourmands dans votre boutique, optez pour la gamme \u00c9picerie De Paris \u00e0 Brest. Gamme exclusive, nouveaux produits, bio","robots":{"index":"index","follow":"follow","max-snippet":"max-snippet:-1","max-image-preview":"max-image-preview:large","max-video-preview":"max-video-preview:-1"},"canonical":"https:\/\/deparisabrest.com\/fr\/delicatessen\/","og_locale":"fr_FR","og_type":"article","og_title":"Notre gamme Delicatessen Fran\u00e7aise - De Paris \u00e0 Brest","og_description":"Pour attirer les gourmands dans votre boutique, optez pour la gamme \u00c9picerie De Paris \u00e0 Brest. Gamme exclusive, nouveaux produits, bio","og_url":"https:\/\/deparisabrest.com\/fr\/delicatessen\/","og_site_name":"De Paris \u00e0 Brest","article_modified_time":"2021-06-01T09:39:16+00:00","og_image":[{"width":800,"height":800,"url":"https:\/\/deparisabrest.com\/wp-content\/uploads\/2020\/11\/epicerie.jpg","type":"image\/jpeg"}],"twitter_card":"summary_large_image","twitter_misc":{"Dur\u00e9e de lecture estim\u00e9e":"2 minutes"},"schema":{"@context":"https:\/\/schema.org","@graph":[{"@type":"WebPage","@id":"https:\/\/deparisabrest.com\/fr\/delicatessen\/","url":"https:\/\/deparisabrest.com\/fr\/delicatessen\/","name":"Notre gamme Delicatessen Fran\u00e7aise - De Paris \u00e0 Brest","isPartOf":{"@id":"https:\/\/deparisabrest.com\/fr\/#website"},"primaryImageOfPage":{"@id":"https:\/\/deparisabrest.com\/fr\/delicatessen\/#primaryimage"},"image":{"@id":"https:\/\/deparisabrest.com\/fr\/delicatessen\/#primaryimage"},"thumbnailUrl":"https:\/\/deparisabrest.com\/wp-content\/uploads\/2020\/11\/epicerie.jpg","datePublished":"2020-11-10T08:59:15+00:00","dateModified":"2021-06-01T09:39:16+00:00","description":"Pour attirer les gourmands dans votre boutique, optez pour la gamme \u00c9picerie De Paris \u00e0 Brest. Gamme exclusive, nouveaux produits, bio","breadcrumb":{"@id":"https:\/\/deparisabrest.com\/fr\/delicatessen\/#breadcrumb"},"inLanguage":"fr-FR","potentialAction":[{"@type":"ReadAction","target":["https:\/\/deparisabrest.com\/fr\/delicatessen\/"]}]},{"@type":"ImageObject","inLanguage":"fr-FR","@id":"https:\/\/deparisabrest.com\/fr\/delicatessen\/#primaryimage","url":"https:\/\/deparisabrest.com\/wp-content\/uploads\/2020\/11\/epicerie.jpg","contentUrl":"https:\/\/deparisabrest.com\/wp-content\/uploads\/2020\/11\/epicerie.jpg","width":800,"height":800},{"@type":"BreadcrumbList","@id":"https:\/\/deparisabrest.com\/fr\/delicatessen\/#breadcrumb","itemListElement":[{"@type":"ListItem","position":1,"name":"Accueil","item":"https:\/\/deparisabrest.com\/fr\/"},{"@type":"ListItem","position":2,"name":"Delicatessen"}]},{"@type":"WebSite","@id":"https:\/\/deparisabrest.com\/fr\/#website","url":"https:\/\/deparisabrest.com\/fr\/","name":"De Paris \u00e0 Brest","description":"Explorez un monde d&#039;opportunit\u00e9s","publisher":{"@id":"https:\/\/deparisabrest.com\/fr\/#organization"},"potentialAction":[{"@type":"SearchAction","target":{"@type":"EntryPoint","urlTemplate":"https:\/\/deparisabrest.com\/fr\/?s={search_term_string}"},"query-input":{"@type":"PropertyValueSpecification","valueRequired":true,"valueName":"search_term_string"}}],"inLanguage":"fr-FR"},{"@type":"Organization","@id":"https:\/\/deparisabrest.com\/fr\/#organization","name":"De Paris \u00e0 Brest","url":"https:\/\/deparisabrest.com\/fr\/","logo":{"@type":"ImageObject","inLanguage":"fr-FR","@id":"https:\/\/deparisabrest.com\/fr\/#\/schema\/logo\/image\/","url":"https:\/\/deparisabrest.com\/wp-content\/uploads\/2020\/09\/logo.png","contentUrl":"https:\/\/deparisabrest.com\/wp-content\/uploads\/2020\/09\/logo.png","width":272,"height":70,"caption":"De Paris \u00e0 Brest"},"image":{"@id":"https:\/\/deparisabrest.com\/fr\/#\/schema\/logo\/image\/"}}]}},"_links":{"self":[{"href":"https:\/\/deparisabrest.com\/fr\/wp-json\/wp\/v2\/pages\/535","targetHints":{"allow":["GET"]}}],"collection":[{"href":"https:\/\/deparisabrest.com\/fr\/wp-json\/wp\/v2\/pages"}],"about":[{"href":"https:\/\/deparisabrest.com\/fr\/wp-json\/wp\/v2\/types\/page"}],"author":[{"embeddable":true,"href":"https:\/\/deparisabrest.com\/fr\/wp-json\/wp\/v2\/users\/3"}],"replies":[{"embeddable":true,"href":"https:\/\/deparisabrest.com\/fr\/wp-json\/wp\/v2\/comments?post=535"}],"version-history":[{"count":82,"href":"https:\/\/deparisabrest.com\/fr\/wp-json\/wp\/v2\/pages\/535\/revisions"}],"predecessor-version":[{"id":2171,"href":"https:\/\/deparisabrest.com\/fr\/wp-json\/wp\/v2\/pages\/535\/revisions\/2171"}],"wp:featuredmedia":[{"embeddable":true,"href":"https:\/\/deparisabrest.com\/fr\/wp-json\/wp\/v2\/media\/1232"}],"wp:attachment":[{"href":"https:\/\/deparisabrest.com\/fr\/wp-json\/wp\/v2\/media?parent=535"}],"curies":[{"name":"wp","href":"https:\/\/api.w.org\/{rel}","templated":true}]}}