{"id":4,"date":"2020-08-04T15:00:27","date_gmt":"2020-08-04T13:00:27","guid":{"rendered":"https:\/\/deparisabrest.com\/?page_id=4"},"modified":"2023-08-24T16:53:09","modified_gmt":"2023-08-24T14:53:09","slug":"accueil","status":"publish","type":"page","link":"https:\/\/deparisabrest.com\/fr\/","title":{"rendered":"Accueil"},"content":{"rendered":"","protected":false},"excerpt":{"rendered":"","protected":false},"author":1,"featured_media":0,"parent":0,"menu_order":0,"comment_status":"closed","ping_status":"closed","template":"","meta":{"_acf_changed":false,"footnotes":""},"class_list":["post-4","page","type-page","status-publish","hentry"],"acf":[],"yoast_head":"<!-- This site is optimized with the Yoast SEO plugin v27.3 - https:\/\/yoast.com\/product\/yoast-seo-wordpress\/ -->\n<title>De Paris \u00e0 Brest - Le bon go\u00fbt de la France<\/title>\n<meta name=\"description\" content=\"De Paris \u00e0 Brest distribue \u00e0 l&#039;international les produits d&#039;artisans fran\u00e7ais talentueux aupr\u00e8s des d\u00e9taillants et restaurateurs.\" \/>\n<meta name=\"robots\" content=\"index, follow, max-snippet:-1, max-image-preview:large, max-video-preview:-1\" \/>\n<link rel=\"canonical\" href=\"https:\/\/deparisabrest.com\/fr\/\" \/>\n<meta property=\"og:locale\" content=\"fr_FR\" \/>\n<meta property=\"og:type\" content=\"article\" \/>\n<meta property=\"og:title\" content=\"De Paris \u00e0 Brest - Le bon go\u00fbt de la France\" \/>\n<meta property=\"og:description\" content=\"De Paris \u00e0 Brest distribue \u00e0 l&#039;international les produits d&#039;artisans fran\u00e7ais talentueux aupr\u00e8s des d\u00e9taillants et restaurateurs.\" \/>\n<meta property=\"og:url\" content=\"https:\/\/deparisabrest.com\/fr\/\" \/>\n<meta property=\"og:site_name\" content=\"De Paris \u00e0 Brest\" \/>\n<meta property=\"article:modified_time\" content=\"2023-08-24T14:53:09+00:00\" \/>\n<meta name=\"twitter:card\" content=\"summary_large_image\" \/>\n<script type=\"application\/ld+json\" class=\"yoast-schema-graph\">{\"@context\":\"https:\\\/\\\/schema.org\",\"@graph\":[{\"@type\":\"WebPage\",\"@id\":\"https:\\\/\\\/deparisabrest.com\\\/fr\\\/\",\"url\":\"https:\\\/\\\/deparisabrest.com\\\/fr\\\/\",\"name\":\"De Paris \u00e0 Brest - Le bon go\u00fbt de la France\",\"isPartOf\":{\"@id\":\"https:\\\/\\\/deparisabrest.com\\\/fr\\\/#website\"},\"datePublished\":\"2020-08-04T13:00:27+00:00\",\"dateModified\":\"2023-08-24T14:53:09+00:00\",\"description\":\"De Paris \u00e0 Brest distribue \u00e0 l'international les produits d'artisans fran\u00e7ais talentueux aupr\u00e8s des d\u00e9taillants et restaurateurs.\",\"breadcrumb\":{\"@id\":\"https:\\\/\\\/deparisabrest.com\\\/fr\\\/#breadcrumb\"},\"inLanguage\":\"fr-FR\",\"potentialAction\":[{\"@type\":\"ReadAction\",\"target\":[\"https:\\\/\\\/deparisabrest.com\\\/fr\\\/\"]}]},{\"@type\":\"BreadcrumbList\",\"@id\":\"https:\\\/\\\/deparisabrest.com\\\/fr\\\/#breadcrumb\",\"itemListElement\":[{\"@type\":\"ListItem\",\"position\":1,\"name\":\"Accueil\",\"item\":\"https:\\\/\\\/deparisabrest.com\\\/fr\\\/\"},{\"@type\":\"ListItem\",\"position\":2,\"name\":\"Accueil\"}]},{\"@type\":\"WebSite\",\"@id\":\"https:\\\/\\\/deparisabrest.com\\\/fr\\\/#website\",\"url\":\"https:\\\/\\\/deparisabrest.com\\\/fr\\\/\",\"name\":\"De Paris \u00e0 Brest\",\"description\":\"Explorez un monde d&#039;opportunit\u00e9s\",\"publisher\":{\"@id\":\"https:\\\/\\\/deparisabrest.com\\\/fr\\\/#organization\"},\"potentialAction\":[{\"@type\":\"SearchAction\",\"target\":{\"@type\":\"EntryPoint\",\"urlTemplate\":\"https:\\\/\\\/deparisabrest.com\\\/fr\\\/?s={search_term_string}\"},\"query-input\":{\"@type\":\"PropertyValueSpecification\",\"valueRequired\":true,\"valueName\":\"search_term_string\"}}],\"inLanguage\":\"fr-FR\"},{\"@type\":\"Organization\",\"@id\":\"https:\\\/\\\/deparisabrest.com\\\/fr\\\/#organization\",\"name\":\"De Paris \u00e0 Brest\",\"url\":\"https:\\\/\\\/deparisabrest.com\\\/fr\\\/\",\"logo\":{\"@type\":\"ImageObject\",\"inLanguage\":\"fr-FR\",\"@id\":\"https:\\\/\\\/deparisabrest.com\\\/fr\\\/#\\\/schema\\\/logo\\\/image\\\/\",\"url\":\"https:\\\/\\\/deparisabrest.com\\\/wp-content\\\/uploads\\\/2020\\\/09\\\/logo.png\",\"contentUrl\":\"https:\\\/\\\/deparisabrest.com\\\/wp-content\\\/uploads\\\/2020\\\/09\\\/logo.png\",\"width\":272,\"height\":70,\"caption\":\"De Paris \u00e0 Brest\"},\"image\":{\"@id\":\"https:\\\/\\\/deparisabrest.com\\\/fr\\\/#\\\/schema\\\/logo\\\/image\\\/\"}}]}<\/script>\n<!-- \/ Yoast SEO plugin. -->","yoast_head_json":{"title":"De Paris \u00e0 Brest - Le bon go\u00fbt de la France","description":"De Paris \u00e0 Brest distribue \u00e0 l'international les produits d'artisans fran\u00e7ais talentueux aupr\u00e8s des d\u00e9taillants et restaurateurs.","robots":{"index":"index","follow":"follow","max-snippet":"max-snippet:-1","max-image-preview":"max-image-preview:large","max-video-preview":"max-video-preview:-1"},"canonical":"https:\/\/deparisabrest.com\/fr\/","og_locale":"fr_FR","og_type":"article","og_title":"De Paris \u00e0 Brest - Le bon go\u00fbt de la France","og_description":"De Paris \u00e0 Brest distribue \u00e0 l'international les produits d'artisans fran\u00e7ais talentueux aupr\u00e8s des d\u00e9taillants et restaurateurs.","og_url":"https:\/\/deparisabrest.com\/fr\/","og_site_name":"De Paris \u00e0 Brest","article_modified_time":"2023-08-24T14:53:09+00:00","twitter_card":"summary_large_image","schema":{"@context":"https:\/\/schema.org","@graph":[{"@type":"WebPage","@id":"https:\/\/deparisabrest.com\/fr\/","url":"https:\/\/deparisabrest.com\/fr\/","name":"De Paris \u00e0 Brest - Le bon go\u00fbt de la France","isPartOf":{"@id":"https:\/\/deparisabrest.com\/fr\/#website"},"datePublished":"2020-08-04T13:00:27+00:00","dateModified":"2023-08-24T14:53:09+00:00","description":"De Paris \u00e0 Brest distribue \u00e0 l'international les produits d'artisans fran\u00e7ais talentueux aupr\u00e8s des d\u00e9taillants et restaurateurs.","breadcrumb":{"@id":"https:\/\/deparisabrest.com\/fr\/#breadcrumb"},"inLanguage":"fr-FR","potentialAction":[{"@type":"ReadAction","target":["https:\/\/deparisabrest.com\/fr\/"]}]},{"@type":"BreadcrumbList","@id":"https:\/\/deparisabrest.com\/fr\/#breadcrumb","itemListElement":[{"@type":"ListItem","position":1,"name":"Accueil","item":"https:\/\/deparisabrest.com\/fr\/"},{"@type":"ListItem","position":2,"name":"Accueil"}]},{"@type":"WebSite","@id":"https:\/\/deparisabrest.com\/fr\/#website","url":"https:\/\/deparisabrest.com\/fr\/","name":"De Paris \u00e0 Brest","description":"Explorez un monde d&#039;opportunit\u00e9s","publisher":{"@id":"https:\/\/deparisabrest.com\/fr\/#organization"},"potentialAction":[{"@type":"SearchAction","target":{"@type":"EntryPoint","urlTemplate":"https:\/\/deparisabrest.com\/fr\/?s={search_term_string}"},"query-input":{"@type":"PropertyValueSpecification","valueRequired":true,"valueName":"search_term_string"}}],"inLanguage":"fr-FR"},{"@type":"Organization","@id":"https:\/\/deparisabrest.com\/fr\/#organization","name":"De Paris \u00e0 Brest","url":"https:\/\/deparisabrest.com\/fr\/","logo":{"@type":"ImageObject","inLanguage":"fr-FR","@id":"https:\/\/deparisabrest.com\/fr\/#\/schema\/logo\/image\/","url":"https:\/\/deparisabrest.com\/wp-content\/uploads\/2020\/09\/logo.png","contentUrl":"https:\/\/deparisabrest.com\/wp-content\/uploads\/2020\/09\/logo.png","width":272,"height":70,"caption":"De Paris \u00e0 Brest"},"image":{"@id":"https:\/\/deparisabrest.com\/fr\/#\/schema\/logo\/image\/"}}]}},"_links":{"self":[{"href":"https:\/\/deparisabrest.com\/fr\/wp-json\/wp\/v2\/pages\/4","targetHints":{"allow":["GET"]}}],"collection":[{"href":"https:\/\/deparisabrest.com\/fr\/wp-json\/wp\/v2\/pages"}],"about":[{"href":"https:\/\/deparisabrest.com\/fr\/wp-json\/wp\/v2\/types\/page"}],"author":[{"embeddable":true,"href":"https:\/\/deparisabrest.com\/fr\/wp-json\/wp\/v2\/users\/1"}],"replies":[{"embeddable":true,"href":"https:\/\/deparisabrest.com\/fr\/wp-json\/wp\/v2\/comments?post=4"}],"version-history":[{"count":73,"href":"https:\/\/deparisabrest.com\/fr\/wp-json\/wp\/v2\/pages\/4\/revisions"}],"predecessor-version":[{"id":2580,"href":"https:\/\/deparisabrest.com\/fr\/wp-json\/wp\/v2\/pages\/4\/revisions\/2580"}],"wp:attachment":[{"href":"https:\/\/deparisabrest.com\/fr\/wp-json\/wp\/v2\/media?parent=4"}],"curies":[{"name":"wp","href":"https:\/\/api.w.org\/{rel}","templated":true}]}}