{"id":28,"date":"2020-09-17T13:48:10","date_gmt":"2020-09-17T11:48:10","guid":{"rendered":"https:\/\/deparisabrest.com\/?page_id=28"},"modified":"2023-08-24T16:28:22","modified_gmt":"2023-08-24T14:28:22","slug":"equipe","status":"publish","type":"page","link":"https:\/\/deparisabrest.com\/fr\/equipe\/","title":{"rendered":"La Team"},"content":{"rendered":"\n<p class=\"has-text-align-center has-normal-font-size\"><strong>La Team de Paris \u00e0 Brest est une \u00e9quipe de gourmands passionn\u00e9s par la gastronomie sucr\u00e9e fran\u00e7aise. <\/strong><\/p>\n\n\n\n<p class=\"has-text-align-center has-normal-font-size\">En mode strat-up la team De Paris \u00e0 Brest est une jeune et petite \u00e9quipe partie en exp\u00e9dition dans le monde de la gourmandise. Afin de vous proposer les meilleurs produits artisanaux fran\u00e7ais.<\/p>\n\n\n\n<div style=\"height:20px\" aria-hidden=\"true\" class=\"wp-block-spacer\"><\/div>\n\n\n\n<p class=\"has-text-align-center has-normal-font-size\">Install\u00e9e sur la c\u00f4te bretonne \u00e0 Lorient, la team se mobilise pour vous d\u00e9nicher les d\u00e9lices&nbsp;sucr\u00e9s au vrai go\u00fbt de la France ! Gr\u00e2ce savoir-faire unique de nos partenaires locaux voyagez \u00e0 nos c\u00f4t\u00e9s.<\/p>\n\n\n\n<div style=\"height:30px\" aria-hidden=\"true\" class=\"wp-block-spacer\"><\/div>\n\n\n\n<hr class=\"wp-block-separator has-text-color has-salmon-color has-css-opacity has-salmon-background-color has-background\"\/>\n\n\n\n<p class=\"has-text-align-center has-normal-font-size\">Pour nous contacter et parler de vos d\u00e9licieux projets&nbsp;:<\/p>\n\n\n\n<p class=\"has-text-align-center has-normal-font-size\">Par mail \u00e0 l\u2019adresse&nbsp;: <a href=\"mailto:sales@deparisabrest.com\">sales@deparisabrest.com<\/a><\/p>\n\n\n\n<p class=\"has-text-align-center has-normal-font-size\">Ou par t\u00e9l\u00e9phone au 0033 3 30 91 60 36<\/p>\n\n\n\n<div style=\"height:50px\" aria-hidden=\"true\" class=\"wp-block-spacer\"><\/div>\n\n\n\n<div class=\"wp-block-columns is-layout-flex wp-container-core-columns-is-layout-9d6595d7 wp-block-columns-is-layout-flex\">\n<div class=\"wp-block-column is-vertically-aligned-center is-layout-flow wp-block-column-is-layout-flow\">\n<div class=\"wp-block-columns is-layout-flex wp-container-core-columns-is-layout-9d6595d7 wp-block-columns-is-layout-flex\">\n<div class=\"wp-block-column is-layout-flow wp-block-column-is-layout-flow\">\n<p class=\"has-normal-font-size\"><strong>MARC BOULEUX<br><\/strong><br>Marc est le contact privil\u00e9gi\u00e9 de nos partenaires artisans, il travaille avec eux sur l\u2019optimisation de leurs achats de mati\u00e8res premi\u00e8res pour garantir une qualit\u00e9 optimale des produits.<br><br><strong><em>\u00ab\u00a0Si j&rsquo;\u00e9tais une p\u00e2tisserie, je serais un Kouign Amann : gourmand par nature et simple par essence.\u00a0\u00bb<\/em><\/strong><\/p>\n<\/div>\n\n\n\n<div class=\"wp-block-column is-layout-flow wp-block-column-is-layout-flow\">\n<figure class=\"wp-block-image size-large\"><img decoding=\"async\" width=\"190\" height=\"190\" src=\"https:\/\/deparisabrest.com\/wp-content\/uploads\/2020\/11\/de-paris-a-brest-MARC-BOULEUX.png\" alt=\"Photo de Marc Bouleux, membre de l'\u00e9quipe De Paris \u00e0 Brest\" class=\"wp-image-818\" srcset=\"https:\/\/deparisabrest.com\/wp-content\/uploads\/2020\/11\/de-paris-a-brest-MARC-BOULEUX.png 190w, https:\/\/deparisabrest.com\/wp-content\/uploads\/2020\/11\/de-paris-a-brest-MARC-BOULEUX-150x150.png 150w\" sizes=\"(max-width: 190px) 100vw, 190px\" \/><\/figure>\n\n\n\n<p><\/p>\n<\/div>\n<\/div>\n\n\n\n<p><\/p>\n<\/div>\n<\/div>\n\n\n\n<div class=\"wp-block-columns is-layout-flex wp-container-core-columns-is-layout-9d6595d7 wp-block-columns-is-layout-flex\">\n<div class=\"wp-block-column is-layout-flow wp-block-column-is-layout-flow\">\n<div class=\"wp-block-columns is-layout-flex wp-container-core-columns-is-layout-9d6595d7 wp-block-columns-is-layout-flex\">\n<div class=\"wp-block-column is-layout-flow wp-block-column-is-layout-flow\">\n<p><strong>GWENOLA TEURTRIE<\/strong><br><br>Elle cr\u00e9e chaque recette avec passion et magie. D\u2019autres cr\u00e9ations sont d\u00e9j\u00e0 en cours&#8230;<\/p>\n\n\n\n<p><em><strong>\u00ab\u00a0Si j\u2019\u00e9tais une p\u00e2tisserie, je serais un millefeuille, pour le croustillant, le fondant&#8230; et la gourmandise, bien s\u00fbr !\u00a0\u00bb<\/strong><\/em><\/p>\n<\/div>\n\n\n\n<div class=\"wp-block-column is-layout-flow wp-block-column-is-layout-flow\">\n<p><strong>MATTHIEU BOULEUX<\/strong><br><br>Il cr\u00e9e chaque recette avec passion et magie. D\u2019autres cr\u00e9ations sont d\u00e9j\u00e0 en cours&#8230;<br>\u00c0 suivre !<\/p>\n\n\n\n<p><em><strong>\u00ab\u00a0Si j\u2019\u00e9tais une p\u00e2tisserie, je serais une pi\u00e8ce-mont\u00e9e, pour la complexit\u00e9, la m\u00e9thodologie&#8230; et l<\/strong><\/em>&lsquo;<em><strong>aspect festif gourmandise !\u00a0\u00bb<\/strong><\/em><\/p>\n<\/div>\n<\/div>\n<\/div>\n<\/div>\n\n\n\n<p class=\"has-text-align-center\">Vous pouvez \u00e9galement contacter notre \u00e9quipe via notre <a href=\"https:\/\/deparisabrest.com\/fr\/contactez-nous\/\">formulaire<\/a> en ligne !<\/p>\n","protected":false},"excerpt":{"rendered":"<p>La Team de Paris \u00e0 Brest est une \u00e9quipe de gourmands passionn\u00e9s par la gastronomie sucr\u00e9e fran\u00e7aise. En mode strat-up la team De Paris \u00e0 Brest est une jeune et petite \u00e9quipe partie en exp\u00e9dition dans le monde de la gourmandise. Afin de vous proposer les meilleurs produits artisanaux fran\u00e7ais. Install\u00e9e sur la c\u00f4te bretonne [&hellip;]<\/p>\n","protected":false},"author":1,"featured_media":0,"parent":0,"menu_order":0,"comment_status":"closed","ping_status":"closed","template":"","meta":{"_acf_changed":false,"footnotes":""},"class_list":["post-28","page","type-page","status-publish","hentry"],"acf":[],"yoast_head":"<!-- This site is optimized with the Yoast SEO plugin v27.4 - https:\/\/yoast.com\/product\/yoast-seo-wordpress\/ -->\n<title>Rencontrez notre \u00e9quipe - De Paris \u00e0 Brest - French Desserts<\/title>\n<meta name=\"description\" content=\"Install\u00e9e sur la c\u00f4te bretonne, \u00e0 Lorient, l&#039;\u00e9quipe De Paris \u00e0 Brest se mobilise pour r\u00e9pondre \u00e0 vos besoins avec le sourire !\" \/>\n<meta name=\"robots\" content=\"index, follow, max-snippet:-1, max-image-preview:large, max-video-preview:-1\" \/>\n<link rel=\"canonical\" href=\"https:\/\/deparisabrest.com\/fr\/equipe\/\" \/>\n<meta property=\"og:locale\" content=\"fr_FR\" \/>\n<meta property=\"og:type\" content=\"article\" \/>\n<meta property=\"og:title\" content=\"Rencontrez notre \u00e9quipe - De Paris \u00e0 Brest - French Desserts\" \/>\n<meta property=\"og:description\" content=\"Install\u00e9e sur la c\u00f4te bretonne, \u00e0 Lorient, l&#039;\u00e9quipe De Paris \u00e0 Brest se mobilise pour r\u00e9pondre \u00e0 vos besoins avec le sourire !\" \/>\n<meta property=\"og:url\" content=\"https:\/\/deparisabrest.com\/fr\/equipe\/\" \/>\n<meta property=\"og:site_name\" content=\"De Paris \u00e0 Brest\" \/>\n<meta property=\"article:modified_time\" content=\"2023-08-24T14:28:22+00:00\" \/>\n<meta property=\"og:image\" content=\"https:\/\/deparisabrest.com\/wp-content\/uploads\/2020\/11\/de-paris-a-brest-MARC-BOULEUX.png\" \/>\n<meta name=\"twitter:card\" content=\"summary_large_image\" \/>\n<meta name=\"twitter:label1\" content=\"Dur\u00e9e de lecture estim\u00e9e\" \/>\n\t<meta name=\"twitter:data1\" content=\"2 minutes\" \/>\n<script type=\"application\/ld+json\" class=\"yoast-schema-graph\">{\"@context\":\"https:\\\/\\\/schema.org\",\"@graph\":[{\"@type\":\"WebPage\",\"@id\":\"https:\\\/\\\/deparisabrest.com\\\/fr\\\/equipe\\\/\",\"url\":\"https:\\\/\\\/deparisabrest.com\\\/fr\\\/equipe\\\/\",\"name\":\"Rencontrez notre \u00e9quipe - De Paris \u00e0 Brest - French Desserts\",\"isPartOf\":{\"@id\":\"https:\\\/\\\/deparisabrest.com\\\/fr\\\/#website\"},\"primaryImageOfPage\":{\"@id\":\"https:\\\/\\\/deparisabrest.com\\\/fr\\\/equipe\\\/#primaryimage\"},\"image\":{\"@id\":\"https:\\\/\\\/deparisabrest.com\\\/fr\\\/equipe\\\/#primaryimage\"},\"thumbnailUrl\":\"https:\\\/\\\/deparisabrest.com\\\/wp-content\\\/uploads\\\/2020\\\/11\\\/de-paris-a-brest-MARC-BOULEUX.png\",\"datePublished\":\"2020-09-17T11:48:10+00:00\",\"dateModified\":\"2023-08-24T14:28:22+00:00\",\"description\":\"Install\u00e9e sur la c\u00f4te bretonne, \u00e0 Lorient, l'\u00e9quipe De Paris \u00e0 Brest se mobilise pour r\u00e9pondre \u00e0 vos besoins avec le sourire !\",\"breadcrumb\":{\"@id\":\"https:\\\/\\\/deparisabrest.com\\\/fr\\\/equipe\\\/#breadcrumb\"},\"inLanguage\":\"fr-FR\",\"potentialAction\":[{\"@type\":\"ReadAction\",\"target\":[\"https:\\\/\\\/deparisabrest.com\\\/fr\\\/equipe\\\/\"]}]},{\"@type\":\"ImageObject\",\"inLanguage\":\"fr-FR\",\"@id\":\"https:\\\/\\\/deparisabrest.com\\\/fr\\\/equipe\\\/#primaryimage\",\"url\":\"https:\\\/\\\/deparisabrest.com\\\/wp-content\\\/uploads\\\/2020\\\/11\\\/de-paris-a-brest-MARC-BOULEUX.png\",\"contentUrl\":\"https:\\\/\\\/deparisabrest.com\\\/wp-content\\\/uploads\\\/2020\\\/11\\\/de-paris-a-brest-MARC-BOULEUX.png\"},{\"@type\":\"BreadcrumbList\",\"@id\":\"https:\\\/\\\/deparisabrest.com\\\/fr\\\/equipe\\\/#breadcrumb\",\"itemListElement\":[{\"@type\":\"ListItem\",\"position\":1,\"name\":\"Accueil\",\"item\":\"https:\\\/\\\/deparisabrest.com\\\/fr\\\/\"},{\"@type\":\"ListItem\",\"position\":2,\"name\":\"La Team\"}]},{\"@type\":\"WebSite\",\"@id\":\"https:\\\/\\\/deparisabrest.com\\\/fr\\\/#website\",\"url\":\"https:\\\/\\\/deparisabrest.com\\\/fr\\\/\",\"name\":\"De Paris \u00e0 Brest\",\"description\":\"Explorez un monde d&#039;opportunit\u00e9s\",\"publisher\":{\"@id\":\"https:\\\/\\\/deparisabrest.com\\\/fr\\\/#organization\"},\"potentialAction\":[{\"@type\":\"SearchAction\",\"target\":{\"@type\":\"EntryPoint\",\"urlTemplate\":\"https:\\\/\\\/deparisabrest.com\\\/fr\\\/?s={search_term_string}\"},\"query-input\":{\"@type\":\"PropertyValueSpecification\",\"valueRequired\":true,\"valueName\":\"search_term_string\"}}],\"inLanguage\":\"fr-FR\"},{\"@type\":\"Organization\",\"@id\":\"https:\\\/\\\/deparisabrest.com\\\/fr\\\/#organization\",\"name\":\"De Paris \u00e0 Brest\",\"url\":\"https:\\\/\\\/deparisabrest.com\\\/fr\\\/\",\"logo\":{\"@type\":\"ImageObject\",\"inLanguage\":\"fr-FR\",\"@id\":\"https:\\\/\\\/deparisabrest.com\\\/fr\\\/#\\\/schema\\\/logo\\\/image\\\/\",\"url\":\"https:\\\/\\\/deparisabrest.com\\\/wp-content\\\/uploads\\\/2020\\\/09\\\/logo.png\",\"contentUrl\":\"https:\\\/\\\/deparisabrest.com\\\/wp-content\\\/uploads\\\/2020\\\/09\\\/logo.png\",\"width\":272,\"height\":70,\"caption\":\"De Paris \u00e0 Brest\"},\"image\":{\"@id\":\"https:\\\/\\\/deparisabrest.com\\\/fr\\\/#\\\/schema\\\/logo\\\/image\\\/\"}}]}<\/script>\n<!-- \/ Yoast SEO plugin. -->","yoast_head_json":{"title":"Rencontrez notre \u00e9quipe - De Paris \u00e0 Brest - French Desserts","description":"Install\u00e9e sur la c\u00f4te bretonne, \u00e0 Lorient, l'\u00e9quipe De Paris \u00e0 Brest se mobilise pour r\u00e9pondre \u00e0 vos besoins avec le sourire !","robots":{"index":"index","follow":"follow","max-snippet":"max-snippet:-1","max-image-preview":"max-image-preview:large","max-video-preview":"max-video-preview:-1"},"canonical":"https:\/\/deparisabrest.com\/fr\/equipe\/","og_locale":"fr_FR","og_type":"article","og_title":"Rencontrez notre \u00e9quipe - De Paris \u00e0 Brest - French Desserts","og_description":"Install\u00e9e sur la c\u00f4te bretonne, \u00e0 Lorient, l'\u00e9quipe De Paris \u00e0 Brest se mobilise pour r\u00e9pondre \u00e0 vos besoins avec le sourire !","og_url":"https:\/\/deparisabrest.com\/fr\/equipe\/","og_site_name":"De Paris \u00e0 Brest","article_modified_time":"2023-08-24T14:28:22+00:00","og_image":[{"url":"https:\/\/deparisabrest.com\/wp-content\/uploads\/2020\/11\/de-paris-a-brest-MARC-BOULEUX.png","type":"","width":"","height":""}],"twitter_card":"summary_large_image","twitter_misc":{"Dur\u00e9e de lecture estim\u00e9e":"2 minutes"},"schema":{"@context":"https:\/\/schema.org","@graph":[{"@type":"WebPage","@id":"https:\/\/deparisabrest.com\/fr\/equipe\/","url":"https:\/\/deparisabrest.com\/fr\/equipe\/","name":"Rencontrez notre \u00e9quipe - De Paris \u00e0 Brest - French Desserts","isPartOf":{"@id":"https:\/\/deparisabrest.com\/fr\/#website"},"primaryImageOfPage":{"@id":"https:\/\/deparisabrest.com\/fr\/equipe\/#primaryimage"},"image":{"@id":"https:\/\/deparisabrest.com\/fr\/equipe\/#primaryimage"},"thumbnailUrl":"https:\/\/deparisabrest.com\/wp-content\/uploads\/2020\/11\/de-paris-a-brest-MARC-BOULEUX.png","datePublished":"2020-09-17T11:48:10+00:00","dateModified":"2023-08-24T14:28:22+00:00","description":"Install\u00e9e sur la c\u00f4te bretonne, \u00e0 Lorient, l'\u00e9quipe De Paris \u00e0 Brest se mobilise pour r\u00e9pondre \u00e0 vos besoins avec le sourire !","breadcrumb":{"@id":"https:\/\/deparisabrest.com\/fr\/equipe\/#breadcrumb"},"inLanguage":"fr-FR","potentialAction":[{"@type":"ReadAction","target":["https:\/\/deparisabrest.com\/fr\/equipe\/"]}]},{"@type":"ImageObject","inLanguage":"fr-FR","@id":"https:\/\/deparisabrest.com\/fr\/equipe\/#primaryimage","url":"https:\/\/deparisabrest.com\/wp-content\/uploads\/2020\/11\/de-paris-a-brest-MARC-BOULEUX.png","contentUrl":"https:\/\/deparisabrest.com\/wp-content\/uploads\/2020\/11\/de-paris-a-brest-MARC-BOULEUX.png"},{"@type":"BreadcrumbList","@id":"https:\/\/deparisabrest.com\/fr\/equipe\/#breadcrumb","itemListElement":[{"@type":"ListItem","position":1,"name":"Accueil","item":"https:\/\/deparisabrest.com\/fr\/"},{"@type":"ListItem","position":2,"name":"La Team"}]},{"@type":"WebSite","@id":"https:\/\/deparisabrest.com\/fr\/#website","url":"https:\/\/deparisabrest.com\/fr\/","name":"De Paris \u00e0 Brest","description":"Explorez un monde d&#039;opportunit\u00e9s","publisher":{"@id":"https:\/\/deparisabrest.com\/fr\/#organization"},"potentialAction":[{"@type":"SearchAction","target":{"@type":"EntryPoint","urlTemplate":"https:\/\/deparisabrest.com\/fr\/?s={search_term_string}"},"query-input":{"@type":"PropertyValueSpecification","valueRequired":true,"valueName":"search_term_string"}}],"inLanguage":"fr-FR"},{"@type":"Organization","@id":"https:\/\/deparisabrest.com\/fr\/#organization","name":"De Paris \u00e0 Brest","url":"https:\/\/deparisabrest.com\/fr\/","logo":{"@type":"ImageObject","inLanguage":"fr-FR","@id":"https:\/\/deparisabrest.com\/fr\/#\/schema\/logo\/image\/","url":"https:\/\/deparisabrest.com\/wp-content\/uploads\/2020\/09\/logo.png","contentUrl":"https:\/\/deparisabrest.com\/wp-content\/uploads\/2020\/09\/logo.png","width":272,"height":70,"caption":"De Paris \u00e0 Brest"},"image":{"@id":"https:\/\/deparisabrest.com\/fr\/#\/schema\/logo\/image\/"}}]}},"_links":{"self":[{"href":"https:\/\/deparisabrest.com\/fr\/wp-json\/wp\/v2\/pages\/28","targetHints":{"allow":["GET"]}}],"collection":[{"href":"https:\/\/deparisabrest.com\/fr\/wp-json\/wp\/v2\/pages"}],"about":[{"href":"https:\/\/deparisabrest.com\/fr\/wp-json\/wp\/v2\/types\/page"}],"author":[{"embeddable":true,"href":"https:\/\/deparisabrest.com\/fr\/wp-json\/wp\/v2\/users\/1"}],"replies":[{"embeddable":true,"href":"https:\/\/deparisabrest.com\/fr\/wp-json\/wp\/v2\/comments?post=28"}],"version-history":[{"count":39,"href":"https:\/\/deparisabrest.com\/fr\/wp-json\/wp\/v2\/pages\/28\/revisions"}],"predecessor-version":[{"id":2567,"href":"https:\/\/deparisabrest.com\/fr\/wp-json\/wp\/v2\/pages\/28\/revisions\/2567"}],"wp:attachment":[{"href":"https:\/\/deparisabrest.com\/fr\/wp-json\/wp\/v2\/media?parent=28"}],"curies":[{"name":"wp","href":"https:\/\/api.w.org\/{rel}","templated":true}]}}