{"id":1669,"date":"2021-01-27T10:54:18","date_gmt":"2021-01-27T09:54:18","guid":{"rendered":"https:\/\/deparisabrest.com\/?page_id=1669"},"modified":"2023-08-24T16:05:08","modified_gmt":"2023-08-24T14:05:08","slug":"foodservice","status":"publish","type":"page","link":"https:\/\/deparisabrest.com\/fr\/foodservice\/","title":{"rendered":"Foodservice"},"content":{"rendered":"\n<h2 class=\"wp-block-heading has-text-align-center\">D\u00e9couvrez notre offre Foodservice<\/h2>\n\n\n\n<div style=\"height:40px\" aria-hidden=\"true\" class=\"wp-block-spacer\"><\/div>\n\n\n\n<p class=\"has-medium-font-size\"><strong><span style=\"background-color:rgba(0, 0, 0, 0)\" class=\"has-inline-color has-salmon-color\">Que vous soyez restaurateur, h\u00f4telier, ou que vous exerciez un autre m\u00e9tier de bouche, notre offre Foodservice est faite pour vous !<\/span><\/strong> <\/p>\n\n\n\n<p class=\"has-medium-font-size\">D\u00e9couvrez vite les produits authentiques et savoureux qui rejoindront demain votre carte de desserts. Fabriqu\u00e9s avec passion par nos <a href=\"https:\/\/deparisabrest.com\/fr\/partenaires\/\">partenaires<\/a>, ils sont le reflet d&rsquo;un <strong>savoir-faire fran\u00e7ais unique.<\/strong><\/p>\n\n\n\n<div style=\"height:50px\" aria-hidden=\"true\" class=\"wp-block-spacer\"><\/div>\n\n\n\n<div style=\"height:50px\" aria-hidden=\"true\" class=\"wp-block-spacer\"><\/div>\n\n\n\n<div class=\"wp-block-columns is-layout-flex wp-container-core-columns-is-layout-9d6595d7 wp-block-columns-is-layout-flex\">\n<div class=\"wp-block-column is-layout-flow wp-block-column-is-layout-flow\">\n<h3 class=\"wp-block-heading\">COLLECTION 2021 \u00ab\u00a0RENDEZ-VOUS\u00a0\u00bb<\/h3>\n\n\n\n<div style=\"height:20px\" aria-hidden=\"true\" class=\"wp-block-spacer\"><\/div>\n\n\n\n<p class=\"has-medium-font-size\">Notre premi\u00e8re collection baptis\u00e9e &lsquo;Rendez-vous&rsquo; vous invite \u00e0 un voyage gourmand pour d\u00e9couvrir des recettes originales exclusives qui sauront ravir vos clients !<\/p>\n\n\n\n<div style=\"height:20px\" aria-hidden=\"true\" class=\"wp-block-spacer\"><\/div>\n\n\n\n<div class=\"wp-block-buttons is-horizontal is-content-justification-center is-layout-flex wp-container-core-buttons-is-layout-499968f5 wp-block-buttons-is-layout-flex\">\n<div class=\"wp-block-button is-style-outline is-style-outline--1\"><a class=\"wp-block-button__link has-salmon-color has-salmon-background-color has-text-color has-background wp-element-button\" href=\"https:\/\/deparisabrest.com\/wp-content\/uploads\/2023\/08\/CATALOGUE-2023-MAJ-16_08_compressed-2-4.pdf\"><span style=\"background-color:rgba(0, 0, 0, 0)\" class=\"has-inline-color has-white-color\"><strong>T\u00e9l\u00e9charger le catalogue<\/strong><\/span><\/a><\/div>\n<\/div>\n<\/div>\n\n\n\n<div class=\"wp-block-column is-layout-flow wp-block-column-is-layout-flow\">\n<figure class=\"wp-block-embed is-type-video is-provider-youtube wp-block-embed-youtube wp-embed-aspect-16-9 wp-has-aspect-ratio\"><div class=\"wp-block-embed__wrapper\">\n<iframe title=\"De Paris \u00e0 Brest - French Desserts - The real taste of France\" width=\"500\" height=\"281\" src=\"https:\/\/www.youtube.com\/embed\/M_Wyg0zMoeQ?feature=oembed\" frameborder=\"0\" allow=\"accelerometer; autoplay; clipboard-write; encrypted-media; gyroscope; picture-in-picture; web-share\" referrerpolicy=\"strict-origin-when-cross-origin\" allowfullscreen><\/iframe>\n<\/div><\/figure>\n<\/div>\n<\/div>\n","protected":false},"excerpt":{"rendered":"<p>D\u00e9couvrez notre offre Foodservice Que vous soyez restaurateur, h\u00f4telier, ou que vous exerciez un autre m\u00e9tier de bouche, notre offre Foodservice est faite pour vous ! D\u00e9couvrez vite les produits authentiques et savoureux qui rejoindront demain votre carte de desserts. Fabriqu\u00e9s avec passion par nos partenaires, ils sont le reflet d&rsquo;un savoir-faire fran\u00e7ais unique. COLLECTION [&hellip;]<\/p>\n","protected":false},"author":3,"featured_media":1676,"parent":0,"menu_order":0,"comment_status":"closed","ping_status":"closed","template":"template-offer.php","meta":{"_acf_changed":false,"footnotes":""},"class_list":["post-1669","page","type-page","status-publish","has-post-thumbnail","hentry"],"acf":[],"yoast_head":"<!-- This site is optimized with the Yoast SEO plugin v27.3 - https:\/\/yoast.com\/product\/yoast-seo-wordpress\/ -->\n<title>D\u00e9couvrez notre offre Foodservice - De Paris \u00e0 Brest - French Desserts<\/title>\n<meta name=\"description\" content=\"D\u00e9couvrez notre offre Foodservice \u00e0 destination des restaurateurs, h\u00f4teliers et m\u00e9tiers de bouche : recettes et produits authentiques !\" \/>\n<meta name=\"robots\" content=\"index, follow, max-snippet:-1, max-image-preview:large, max-video-preview:-1\" \/>\n<link rel=\"canonical\" href=\"https:\/\/deparisabrest.com\/fr\/foodservice\/\" \/>\n<meta property=\"og:locale\" content=\"fr_FR\" \/>\n<meta property=\"og:type\" content=\"article\" \/>\n<meta property=\"og:title\" content=\"D\u00e9couvrez notre offre Foodservice - De Paris \u00e0 Brest - French Desserts\" \/>\n<meta property=\"og:description\" content=\"D\u00e9couvrez notre offre Foodservice \u00e0 destination des restaurateurs, h\u00f4teliers et m\u00e9tiers de bouche : recettes et produits authentiques !\" \/>\n<meta property=\"og:url\" content=\"https:\/\/deparisabrest.com\/fr\/foodservice\/\" \/>\n<meta property=\"og:site_name\" content=\"De Paris \u00e0 Brest\" \/>\n<meta property=\"article:modified_time\" content=\"2023-08-24T14:05:08+00:00\" \/>\n<meta property=\"og:image\" content=\"https:\/\/deparisabrest.com\/wp-content\/uploads\/2021\/01\/Rendez-Vous-724x1024.png\" \/>\n\t<meta property=\"og:image:width\" content=\"724\" \/>\n\t<meta property=\"og:image:height\" content=\"1024\" \/>\n\t<meta property=\"og:image:type\" content=\"image\/png\" \/>\n<meta name=\"twitter:card\" content=\"summary_large_image\" \/>\n<meta name=\"twitter:label1\" content=\"Dur\u00e9e de lecture estim\u00e9e\" \/>\n\t<meta name=\"twitter:data1\" content=\"1 minute\" \/>\n<script type=\"application\/ld+json\" class=\"yoast-schema-graph\">{\"@context\":\"https:\\\/\\\/schema.org\",\"@graph\":[{\"@type\":\"WebPage\",\"@id\":\"https:\\\/\\\/deparisabrest.com\\\/fr\\\/foodservice\\\/\",\"url\":\"https:\\\/\\\/deparisabrest.com\\\/fr\\\/foodservice\\\/\",\"name\":\"D\u00e9couvrez notre offre Foodservice - De Paris \u00e0 Brest - French Desserts\",\"isPartOf\":{\"@id\":\"https:\\\/\\\/deparisabrest.com\\\/fr\\\/#website\"},\"primaryImageOfPage\":{\"@id\":\"https:\\\/\\\/deparisabrest.com\\\/fr\\\/foodservice\\\/#primaryimage\"},\"image\":{\"@id\":\"https:\\\/\\\/deparisabrest.com\\\/fr\\\/foodservice\\\/#primaryimage\"},\"thumbnailUrl\":\"https:\\\/\\\/deparisabrest.com\\\/wp-content\\\/uploads\\\/2021\\\/01\\\/Rendez-Vous.png\",\"datePublished\":\"2021-01-27T09:54:18+00:00\",\"dateModified\":\"2023-08-24T14:05:08+00:00\",\"description\":\"D\u00e9couvrez notre offre Foodservice \u00e0 destination des restaurateurs, h\u00f4teliers et m\u00e9tiers de bouche : recettes et produits authentiques !\",\"breadcrumb\":{\"@id\":\"https:\\\/\\\/deparisabrest.com\\\/fr\\\/foodservice\\\/#breadcrumb\"},\"inLanguage\":\"fr-FR\",\"potentialAction\":[{\"@type\":\"ReadAction\",\"target\":[\"https:\\\/\\\/deparisabrest.com\\\/fr\\\/foodservice\\\/\"]}]},{\"@type\":\"ImageObject\",\"inLanguage\":\"fr-FR\",\"@id\":\"https:\\\/\\\/deparisabrest.com\\\/fr\\\/foodservice\\\/#primaryimage\",\"url\":\"https:\\\/\\\/deparisabrest.com\\\/wp-content\\\/uploads\\\/2021\\\/01\\\/Rendez-Vous.png\",\"contentUrl\":\"https:\\\/\\\/deparisabrest.com\\\/wp-content\\\/uploads\\\/2021\\\/01\\\/Rendez-Vous.png\",\"width\":918,\"height\":1298,\"caption\":\"La couverture du catalogue Collection 2021 Foodservice \\\"Rendez-Vous\\\"\"},{\"@type\":\"BreadcrumbList\",\"@id\":\"https:\\\/\\\/deparisabrest.com\\\/fr\\\/foodservice\\\/#breadcrumb\",\"itemListElement\":[{\"@type\":\"ListItem\",\"position\":1,\"name\":\"Accueil\",\"item\":\"https:\\\/\\\/deparisabrest.com\\\/fr\\\/\"},{\"@type\":\"ListItem\",\"position\":2,\"name\":\"Foodservice\"}]},{\"@type\":\"WebSite\",\"@id\":\"https:\\\/\\\/deparisabrest.com\\\/fr\\\/#website\",\"url\":\"https:\\\/\\\/deparisabrest.com\\\/fr\\\/\",\"name\":\"De Paris \u00e0 Brest\",\"description\":\"Explorez un monde d&#039;opportunit\u00e9s\",\"publisher\":{\"@id\":\"https:\\\/\\\/deparisabrest.com\\\/fr\\\/#organization\"},\"potentialAction\":[{\"@type\":\"SearchAction\",\"target\":{\"@type\":\"EntryPoint\",\"urlTemplate\":\"https:\\\/\\\/deparisabrest.com\\\/fr\\\/?s={search_term_string}\"},\"query-input\":{\"@type\":\"PropertyValueSpecification\",\"valueRequired\":true,\"valueName\":\"search_term_string\"}}],\"inLanguage\":\"fr-FR\"},{\"@type\":\"Organization\",\"@id\":\"https:\\\/\\\/deparisabrest.com\\\/fr\\\/#organization\",\"name\":\"De Paris \u00e0 Brest\",\"url\":\"https:\\\/\\\/deparisabrest.com\\\/fr\\\/\",\"logo\":{\"@type\":\"ImageObject\",\"inLanguage\":\"fr-FR\",\"@id\":\"https:\\\/\\\/deparisabrest.com\\\/fr\\\/#\\\/schema\\\/logo\\\/image\\\/\",\"url\":\"https:\\\/\\\/deparisabrest.com\\\/wp-content\\\/uploads\\\/2020\\\/09\\\/logo.png\",\"contentUrl\":\"https:\\\/\\\/deparisabrest.com\\\/wp-content\\\/uploads\\\/2020\\\/09\\\/logo.png\",\"width\":272,\"height\":70,\"caption\":\"De Paris \u00e0 Brest\"},\"image\":{\"@id\":\"https:\\\/\\\/deparisabrest.com\\\/fr\\\/#\\\/schema\\\/logo\\\/image\\\/\"}}]}<\/script>\n<!-- \/ Yoast SEO plugin. -->","yoast_head_json":{"title":"D\u00e9couvrez notre offre Foodservice - De Paris \u00e0 Brest - French Desserts","description":"D\u00e9couvrez notre offre Foodservice \u00e0 destination des restaurateurs, h\u00f4teliers et m\u00e9tiers de bouche : recettes et produits authentiques !","robots":{"index":"index","follow":"follow","max-snippet":"max-snippet:-1","max-image-preview":"max-image-preview:large","max-video-preview":"max-video-preview:-1"},"canonical":"https:\/\/deparisabrest.com\/fr\/foodservice\/","og_locale":"fr_FR","og_type":"article","og_title":"D\u00e9couvrez notre offre Foodservice - De Paris \u00e0 Brest - French Desserts","og_description":"D\u00e9couvrez notre offre Foodservice \u00e0 destination des restaurateurs, h\u00f4teliers et m\u00e9tiers de bouche : recettes et produits authentiques !","og_url":"https:\/\/deparisabrest.com\/fr\/foodservice\/","og_site_name":"De Paris \u00e0 Brest","article_modified_time":"2023-08-24T14:05:08+00:00","og_image":[{"width":724,"height":1024,"url":"https:\/\/deparisabrest.com\/wp-content\/uploads\/2021\/01\/Rendez-Vous-724x1024.png","type":"image\/png"}],"twitter_card":"summary_large_image","twitter_misc":{"Dur\u00e9e de lecture estim\u00e9e":"1 minute"},"schema":{"@context":"https:\/\/schema.org","@graph":[{"@type":"WebPage","@id":"https:\/\/deparisabrest.com\/fr\/foodservice\/","url":"https:\/\/deparisabrest.com\/fr\/foodservice\/","name":"D\u00e9couvrez notre offre Foodservice - De Paris \u00e0 Brest - French Desserts","isPartOf":{"@id":"https:\/\/deparisabrest.com\/fr\/#website"},"primaryImageOfPage":{"@id":"https:\/\/deparisabrest.com\/fr\/foodservice\/#primaryimage"},"image":{"@id":"https:\/\/deparisabrest.com\/fr\/foodservice\/#primaryimage"},"thumbnailUrl":"https:\/\/deparisabrest.com\/wp-content\/uploads\/2021\/01\/Rendez-Vous.png","datePublished":"2021-01-27T09:54:18+00:00","dateModified":"2023-08-24T14:05:08+00:00","description":"D\u00e9couvrez notre offre Foodservice \u00e0 destination des restaurateurs, h\u00f4teliers et m\u00e9tiers de bouche : recettes et produits authentiques !","breadcrumb":{"@id":"https:\/\/deparisabrest.com\/fr\/foodservice\/#breadcrumb"},"inLanguage":"fr-FR","potentialAction":[{"@type":"ReadAction","target":["https:\/\/deparisabrest.com\/fr\/foodservice\/"]}]},{"@type":"ImageObject","inLanguage":"fr-FR","@id":"https:\/\/deparisabrest.com\/fr\/foodservice\/#primaryimage","url":"https:\/\/deparisabrest.com\/wp-content\/uploads\/2021\/01\/Rendez-Vous.png","contentUrl":"https:\/\/deparisabrest.com\/wp-content\/uploads\/2021\/01\/Rendez-Vous.png","width":918,"height":1298,"caption":"La couverture du catalogue Collection 2021 Foodservice \"Rendez-Vous\""},{"@type":"BreadcrumbList","@id":"https:\/\/deparisabrest.com\/fr\/foodservice\/#breadcrumb","itemListElement":[{"@type":"ListItem","position":1,"name":"Accueil","item":"https:\/\/deparisabrest.com\/fr\/"},{"@type":"ListItem","position":2,"name":"Foodservice"}]},{"@type":"WebSite","@id":"https:\/\/deparisabrest.com\/fr\/#website","url":"https:\/\/deparisabrest.com\/fr\/","name":"De Paris \u00e0 Brest","description":"Explorez un monde d&#039;opportunit\u00e9s","publisher":{"@id":"https:\/\/deparisabrest.com\/fr\/#organization"},"potentialAction":[{"@type":"SearchAction","target":{"@type":"EntryPoint","urlTemplate":"https:\/\/deparisabrest.com\/fr\/?s={search_term_string}"},"query-input":{"@type":"PropertyValueSpecification","valueRequired":true,"valueName":"search_term_string"}}],"inLanguage":"fr-FR"},{"@type":"Organization","@id":"https:\/\/deparisabrest.com\/fr\/#organization","name":"De Paris \u00e0 Brest","url":"https:\/\/deparisabrest.com\/fr\/","logo":{"@type":"ImageObject","inLanguage":"fr-FR","@id":"https:\/\/deparisabrest.com\/fr\/#\/schema\/logo\/image\/","url":"https:\/\/deparisabrest.com\/wp-content\/uploads\/2020\/09\/logo.png","contentUrl":"https:\/\/deparisabrest.com\/wp-content\/uploads\/2020\/09\/logo.png","width":272,"height":70,"caption":"De Paris \u00e0 Brest"},"image":{"@id":"https:\/\/deparisabrest.com\/fr\/#\/schema\/logo\/image\/"}}]}},"_links":{"self":[{"href":"https:\/\/deparisabrest.com\/fr\/wp-json\/wp\/v2\/pages\/1669","targetHints":{"allow":["GET"]}}],"collection":[{"href":"https:\/\/deparisabrest.com\/fr\/wp-json\/wp\/v2\/pages"}],"about":[{"href":"https:\/\/deparisabrest.com\/fr\/wp-json\/wp\/v2\/types\/page"}],"author":[{"embeddable":true,"href":"https:\/\/deparisabrest.com\/fr\/wp-json\/wp\/v2\/users\/3"}],"replies":[{"embeddable":true,"href":"https:\/\/deparisabrest.com\/fr\/wp-json\/wp\/v2\/comments?post=1669"}],"version-history":[{"count":37,"href":"https:\/\/deparisabrest.com\/fr\/wp-json\/wp\/v2\/pages\/1669\/revisions"}],"predecessor-version":[{"id":2553,"href":"https:\/\/deparisabrest.com\/fr\/wp-json\/wp\/v2\/pages\/1669\/revisions\/2553"}],"wp:featuredmedia":[{"embeddable":true,"href":"https:\/\/deparisabrest.com\/fr\/wp-json\/wp\/v2\/media\/1676"}],"wp:attachment":[{"href":"https:\/\/deparisabrest.com\/fr\/wp-json\/wp\/v2\/media?parent=1669"}],"curies":[{"name":"wp","href":"https:\/\/api.w.org\/{rel}","templated":true}]}}